{"id":404,"date":"2020-03-07T00:34:26","date_gmt":"2020-03-07T00:34:26","guid":{"rendered":"http:\/\/matrioshka.com.mx\/?page_id=404"},"modified":"2020-05-02T14:41:50","modified_gmt":"2020-05-02T14:41:50","slug":"aviso-de-privacidad","status":"publish","type":"page","link":"https:\/\/matrioshka.com.mx\/en\/aviso-de-privacidad\/","title":{"rendered":"Privacy Notice"},"content":{"rendered":"<p>[et_pb_section fb_built=&#8221;1&#8243; _builder_version=&#8221;4.2&#8243;][et_pb_row _builder_version=&#8221;4.2&#8243;][et_pb_column type=&#8221;4_4&#8243; _builder_version=&#8221;4.2&#8243;][et_pb_text _builder_version=&#8221;4.2&#8243;]<\/p>\n<div><span>AVISO DE PRIVACIDAD EN T\u00c9RMINOS DE LA LEY FEDERAL DE PROTECCI\u00d3N DE DATOS PERSONALES\u00a0<\/span><span>EN POSESI\u00d3N DE LOS PARTICULARES<\/span><\/div>\n<div><span>\u00a0<\/span><\/div>\n<div><span style=\"font-size: 14px;\">MATRIOSHKA SOCIAL MEDIA<\/span><\/div>\n<div><span style=\"font-size: 14px;\">DE ACUERDO A LO PREVISTO EN LA \u201cLEY FEDERAL DE PROTECCI\u00d3N DE DATOS PERSONALES\u201d, DECLARA OSCAR OBREG\u00d3N,\u00a0<\/span><span style=\"font-size: 14px;\">SER UNA EMPRESA LEGALMENTE CONSTITUIDA DE CONFORMIDAD CON LAS LEYES MEXICANAS, CON DOMICILIO EN Varsovia 36, Col Ju\u00e1rez<\/span><span style=\"font-size: 14px;\">; Y\u00a0<\/span><span style=\"font-size: 14px;\">COMO RESPONSABLE DEL TRATAMIENTO DE SUS DATOS PERSONALES, HACE DE SU CONOCIMIENTO QUE LA INFORMACI\u00d3N DE NUESTROS\u00a0<\/span><span style=\"font-size: 14px;\">CLIENTES ES TRATADA DE FORMA ESTRICTAMENTE CONFIDENCIAL POR LO QUE AL PROPORCIONAR SUS DATOS PERSONALES, TALES COMO:<\/span><\/div>\n<div>\n<div><span>1. NOMBRE COMPLETO.<\/span><\/div>\n<div><span>2. DIRECCI\u00d3N.<\/span><\/div>\n<div><span>3. REGISTRO FEDERAL DE CONTRIBUYENTES.<\/span><\/div>\n<div><span>4. TEL\u00c9FONOS DE HOGAR, OFICINA Y M\u00d3VILES<\/span><\/div>\n<div><span>5. CORREO ELECTR\u00d3NICO.<\/span><\/div>\n<div><span>\u00a0<\/span><\/div>\n<div><span>ESTOS SER\u00c1N UTILIZADOS \u00daNICA Y EXCLUSIVAMENTE PARA LOS SIGUIENTES FINES:<\/span><\/div>\n<div><span>1. INFORMACI\u00d3N Y PRESTACI\u00d3N DE SERVICIOS.<\/span><\/div>\n<div><span>2. ACTUALIZACI\u00d3N DE LA BASE DE DATOS.<\/span><\/div>\n<div><span>3. CUALQUIER FINALIDAD AN\u00c1LOGA O COMPATIBLE CON LAS ANTERIORES.<\/span><\/div>\n<div><span>\u00a0<\/span><\/div>\n<div><span>NO SE MANEJAR\u00c1N DATOS SENSIBLES, TALES COMO:<\/span><\/div>\n<div><span>1. DATOS FINANCIEROS (INGRESOS, ESTADOS DE CUENTA, Y DEM\u00c1S RELACIONADOS)<\/span><\/div>\n<div><span>2. DATOS PATRIMONIALES (BIENES MATERIALES, INMUEBLES, Y DEM\u00c1S RELACIONADOS)<\/span><\/div>\n<div><span>3. DATOS PERSONALES (C\u00d3NYUGE, ESTADO CIVIL, NACIONALIDAD, EDUCACI\u00d3N, HIJOS, Y DEM\u00c1S RELACIONADOS).<\/span><\/div>\n<div><span>4. REFERENCIAS FAMILIARES Y NO FAMILIARES (NOMBRE, DIRECCI\u00d3N, TEL\u00c9FONO, RELACI\u00d3N, ETC.).<\/span><\/div>\n<div><\/div>\n<div><span>PARA PREVENIR EL ACCESO NO AUTORIZADO A SUS DATOS PERSONALES Y CON EL FIN DE ASEGURAR QUE LA INFORMACI\u00d3N SEA UTILIZADA PARA\u00a0<\/span><span>LOS FINES ESTABLECIDOS EN ESTE AVISO DE PRIVACIDAD, HEMOS ESTABLECIDO DIVERSOS PROCEDIMIENTOS CON LA FINALIDAD DE EVITAR EL\u00a0<\/span><span>USO O DIVULGACI\u00d3N NO AUTORIZADOS DE SUS DATOS, PERMITI\u00c9NDONOS TRATARLOS DEBIDAMENTE.<\/span><\/div>\n<div><span>AS\u00cd MISMO, LE INFORMAMOS QUE SUS DATOS PERSONALES NO SER\u00c1N TRANSMITIDOS PARA SER TRATADOS POR PERSONAS DISTINTAS A ESTA\u00a0<\/span><span>EMPRESA.<\/span><\/div>\n<div><span>\u00a0<\/span><\/div>\n<div>TODOS SUS DATOS PERSONALES SON TRATADOS DE ACUERDO A LA LEGISLACI\u00d3N APLICABLE Y VIGENTE EN EL PA\u00cdS, POR ELLO LE INFORMAMOS\u00a0QUE USTED TIENE EN TODO MOMENTO LOS DERECHOS (ARCO) DE ACCEDER, RECTIFICAR, CANCELAR U OPONERSE AL TRATAMIENTO QUE LE\u00a0DAMOS A SUS DATOS PERSONALES; DERECHO QUE PODR\u00c1 HACER VALER A TRAV\u00c9S DEL \u00c1REA DE PRIVACIDAD ENCARGADA DE LA SEGURIDAD\u00a0DE DATOS PERSONALES EN EL TEL\u00c9FONO (55)<span>34693585<\/span>, O POR MEDIO DE SU CORREO ELECTR\u00d3NICO: <a href=\"mailto:HOLA@MATRIOSHKA.COM.MX\">HOLA@MATRIOSHKA.COM.MX<\/a><\/div>\n<div><\/div>\n<div><span>A TRAV\u00c9S DE ESTOS CANALES USTED PODR\u00c1 ACTUALIZAR SUS DATOS Y ESPECIFICAR EL MEDIO POR EL CUAL DESEA RECIBIR INFORMACI\u00d3N, YA\u00a0<\/span><span>QUE EN CASO DE NO CONTAR CON ESTA ESPECIFICACI\u00d3N DE SU PARTE, MATRIOSHKA MEDIA, ESTABLECER\u00c1 LIBREMENTE EL\u00a0<\/span><span>CANAL QUE CONSIDERE PERTINENTE PARA ENVIARLE INFORMACI\u00d3N.<\/span><\/div>\n<div><span>\u00a0<\/span><\/div>\n<div><span>ESTE AVISO DE PRIVACIDAD PODR\u00c1 SER MODIFICADO POR OSCAR OBREG\u00d3N, DICHAS MODIFICACIONES SER\u00c1N<\/span><\/div>\n<div><span>OPORTUNAMENTE INFORMADAS A TRAV\u00c9S DE CORREO ELECTR\u00d3NICO, TEL\u00c9FONO, O CUALQUIER OTRO MEDIO DE COMUNICACI\u00d3N QUE\u00a0<\/span><span>SE DETERMINE PARA TAL EFECTO.<\/span><\/div>\n<div><span>ATENTAMENTE.<\/span><\/div>\n<div><span>EQUIPO DE MATRIOSHKA MEDIA<\/span><\/div>\n<\/div>\n<p>[\/et_pb_text][\/et_pb_column][\/et_pb_row][\/et_pb_section]<\/p>","protected":false},"excerpt":{"rendered":"<p>AVISO DE PRIVACIDAD EN T\u00c9RMINOS DE LA LEY FEDERAL DE PROTECCI\u00d3N DE DATOS PERSONALES\u00a0EN POSESI\u00d3N DE LOS PARTICULARES \u00a0 MATRIOSHKA SOCIAL MEDIA DE ACUERDO A LO PREVISTO EN LA \u201cLEY FEDERAL DE PROTECCI\u00d3N DE DATOS PERSONALES\u201d, DECLARA OSCAR OBREG\u00d3N,\u00a0SER UNA EMPRESA LEGALMENTE CONSTITUIDA DE CONFORMIDAD CON LAS LEYES MEXICANAS, CON DOMICILIO EN Varsovia 36, Col [&hellip;]<\/p>","protected":false},"author":1,"featured_media":0,"parent":0,"menu_order":0,"comment_status":"closed","ping_status":"closed","template":"","meta":{"_et_pb_use_builder":"on","_et_pb_old_content":"","_et_gb_content_width":"","_joinchat":[],"footnotes":""},"class_list":["post-404","page","type-page","status-publish","hentry"],"_links":{"self":[{"href":"https:\/\/matrioshka.com.mx\/en\/wp-json\/wp\/v2\/pages\/404","targetHints":{"allow":["GET"]}}],"collection":[{"href":"https:\/\/matrioshka.com.mx\/en\/wp-json\/wp\/v2\/pages"}],"about":[{"href":"https:\/\/matrioshka.com.mx\/en\/wp-json\/wp\/v2\/types\/page"}],"author":[{"embeddable":true,"href":"https:\/\/matrioshka.com.mx\/en\/wp-json\/wp\/v2\/users\/1"}],"replies":[{"embeddable":true,"href":"https:\/\/matrioshka.com.mx\/en\/wp-json\/wp\/v2\/comments?post=404"}],"version-history":[{"count":0,"href":"https:\/\/matrioshka.com.mx\/en\/wp-json\/wp\/v2\/pages\/404\/revisions"}],"wp:attachment":[{"href":"https:\/\/matrioshka.com.mx\/en\/wp-json\/wp\/v2\/media?parent=404"}],"curies":[{"name":"wp","href":"https:\/\/api.w.org\/{rel}","templated":true}]}}